{"id":298,"date":"2021-03-31T15:38:38","date_gmt":"2021-03-31T13:38:38","guid":{"rendered":"https:\/\/dotcard.nl\/?post_type=product&#038;p=298"},"modified":"2026-02-07T01:09:45","modified_gmt":"2026-02-07T00:09:45","slug":"dotcard","status":"publish","type":"product","link":"https:\/\/dotcard.nl\/da\/vare\/dotcard\/","title":{"rendered":"DotCard"},"content":{"rendered":"","protected":false},"excerpt":{"rendered":"<p><strong>Det taktiske kortspil for hele familien. Pas p\u00e5 - det er et vanedannende spil!<\/strong><\/p>\n<p>Lav en bane med dine spillekort, og t\u00f8m dine h\u00e6nder s\u00e5 hurtigt som muligt, medmindre du har bonuskort p\u00e5 h\u00e5nden. Du spiller DotCard i 10 eller 20 runder, hvor det g\u00e6lder om at slutte med s\u00e5 f\u00e5 point som muligt. Har du indsigten, lidt held og evnen til at sl\u00e5 dine modstandere? Sp\u00e6ndende indtil sidste runde!<\/p>\n<p><strong>DotCards indhold<\/strong><\/p>\n<ul>\n<li>Emballagekasse<\/li>\n<li>66 kort<\/li>\n<li>Scorekort til engangsbrug<\/li>\n<li>Forklaring p\u00e5 spillet<\/li>\n<\/ul>\n<p><strong>FORSIGTIG:<\/strong> Dette spil indeholder spillekort, der er mindre end et almindeligt spil (st\u00f8rrelse 79 x 51 mm). Erfarne spillere synes generelt, at de mindre spillekort er rarere at spille med (mere plads p\u00e5 bordet). Foretr\u00e6kker du at spille med kort, der har samme st\u00f8rrelse som et almindeligt spil? S\u00e5 bestil Deluxe-versionen (90 x 57 mm).<\/p>","protected":false},"featured_media":1286,"comment_status":"open","ping_status":"closed","template":"","meta":[],"product_brand":[],"product_cat":[24],"product_tag":[],"class_list":{"0":"post-298","1":"product","2":"type-product","3":"status-publish","4":"has-post-thumbnail","6":"product_cat-dotcard","7":"tm-has-options","9":"first","10":"instock","11":"taxable","12":"shipping-taxable","13":"purchasable","14":"product-type-simple"},"yoast_head":"<!-- This site is optimized with the Yoast SEO plugin v26.3 - https:\/\/yoast.com\/wordpress\/plugins\/seo\/ -->\n<title>Het DotCard spel - DotCard Nederland<\/title>\n<meta name=\"description\" content=\"Bestel gemakkelijk en snel. Gratis verzending en dezelfde dag verzonden. Bestel nu bij de offici\u00eble verkoper in Nederland.\" \/>\n<meta name=\"robots\" content=\"index, follow, max-snippet:-1, max-image-preview:large, max-video-preview:-1\" \/>\n<link rel=\"canonical\" href=\"https:\/\/dotcard.nl\/da\/vare\/dotcard\/\" \/>\n<meta property=\"og:locale\" content=\"da_DK\" \/>\n<meta property=\"og:type\" content=\"article\" \/>\n<meta property=\"og:title\" content=\"Het DotCard spel - DotCard Nederland\" \/>\n<meta property=\"og:description\" content=\"Bestel gemakkelijk en snel. Gratis verzending en dezelfde dag verzonden. Bestel nu bij de offici\u00eble verkoper in Nederland.\" \/>\n<meta property=\"og:url\" content=\"https:\/\/dotcard.nl\/da\/vare\/dotcard\/\" \/>\n<meta property=\"og:site_name\" content=\"DotCard Nederland\" \/>\n<meta property=\"article:modified_time\" content=\"2026-02-07T00:09:45+00:00\" \/>\n<meta property=\"og:image\" content=\"https:\/\/dotcard.nl\/wp-content\/uploads\/2021\/04\/dotcard-nederland-logo-social-2.png\" \/>\n\t<meta property=\"og:image:width\" content=\"643\" \/>\n\t<meta property=\"og:image:height\" content=\"338\" \/>\n\t<meta property=\"og:image:type\" content=\"image\/png\" \/>\n<meta name=\"twitter:card\" content=\"summary_large_image\" \/>\n<meta name=\"twitter:title\" content=\"Het DotCard spel - DotCard Nederland\" \/>\n<meta name=\"twitter:description\" content=\"Bestel gemakkelijk en snel. Gratis verzending en dezelfde dag verzonden. Bestel nu bij de offici\u00eble verkoper in Nederland.\" \/>\n<meta name=\"twitter:image\" content=\"https:\/\/dotcard.nl\/wp-content\/uploads\/2021\/04\/dotcard-nederland-logo-social-2.png\" \/>\n<script type=\"application\/ld+json\" class=\"yoast-schema-graph\">{\"@context\":\"https:\/\/schema.org\",\"@graph\":[{\"@type\":\"WebPage\",\"@id\":\"https:\/\/dotcard.nl\/product\/dotcard\/\",\"url\":\"https:\/\/dotcard.nl\/product\/dotcard\/\",\"name\":\"Het DotCard spel - DotCard Nederland\",\"isPartOf\":{\"@id\":\"https:\/\/dotcard.nl\/#website\"},\"primaryImageOfPage\":{\"@id\":\"https:\/\/dotcard.nl\/product\/dotcard\/#primaryimage\"},\"image\":{\"@id\":\"https:\/\/dotcard.nl\/product\/dotcard\/#primaryimage\"},\"thumbnailUrl\":\"https:\/\/dotcard.nl\/wp-content\/uploads\/2021\/03\/dotcard-kopen.jpeg\",\"datePublished\":\"2021-03-31T13:38:38+00:00\",\"dateModified\":\"2026-02-07T00:09:45+00:00\",\"description\":\"Bestel gemakkelijk en snel. Gratis verzending en dezelfde dag verzonden. Bestel nu bij de offici\u00eble verkoper in Nederland.\",\"breadcrumb\":{\"@id\":\"https:\/\/dotcard.nl\/product\/dotcard\/#breadcrumb\"},\"inLanguage\":\"da-DK\",\"potentialAction\":[{\"@type\":\"ReadAction\",\"target\":[\"https:\/\/dotcard.nl\/product\/dotcard\/\"]}]},{\"@type\":\"ImageObject\",\"inLanguage\":\"da-DK\",\"@id\":\"https:\/\/dotcard.nl\/product\/dotcard\/#primaryimage\",\"url\":\"https:\/\/dotcard.nl\/wp-content\/uploads\/2021\/03\/dotcard-kopen.jpeg\",\"contentUrl\":\"https:\/\/dotcard.nl\/wp-content\/uploads\/2021\/03\/dotcard-kopen.jpeg\",\"width\":2048,\"height\":1448,\"caption\":\"dotcard-kopen\"},{\"@type\":\"BreadcrumbList\",\"@id\":\"https:\/\/dotcard.nl\/product\/dotcard\/#breadcrumb\",\"itemListElement\":[{\"@type\":\"ListItem\",\"position\":1,\"name\":\"Home\",\"item\":\"https:\/\/dotcard.nl\/\"},{\"@type\":\"ListItem\",\"position\":2,\"name\":\"Shop\",\"item\":\"https:\/\/dotcard.nl\/shop\/\"},{\"@type\":\"ListItem\",\"position\":3,\"name\":\"DotCard\"}]},{\"@type\":\"WebSite\",\"@id\":\"https:\/\/dotcard.nl\/#website\",\"url\":\"https:\/\/dotcard.nl\/\",\"name\":\"DotCard Nederland\",\"description\":\"Het nieuwe en leukste gezelschapsspel!\",\"publisher\":{\"@id\":\"https:\/\/dotcard.nl\/#organization\"},\"potentialAction\":[{\"@type\":\"SearchAction\",\"target\":{\"@type\":\"EntryPoint\",\"urlTemplate\":\"https:\/\/dotcard.nl\/?s={search_term_string}\"},\"query-input\":{\"@type\":\"PropertyValueSpecification\",\"valueRequired\":true,\"valueName\":\"search_term_string\"}}],\"inLanguage\":\"da-DK\"},{\"@type\":\"Organization\",\"@id\":\"https:\/\/dotcard.nl\/#organization\",\"name\":\"Dotcard Nederland\",\"url\":\"https:\/\/dotcard.nl\/\",\"logo\":{\"@type\":\"ImageObject\",\"inLanguage\":\"da-DK\",\"@id\":\"https:\/\/dotcard.nl\/#\/schema\/logo\/image\/\",\"url\":\"https:\/\/dotcard.nl\/wp-content\/uploads\/2021\/04\/dotcard-nederland-logo-social-2.png\",\"contentUrl\":\"https:\/\/dotcard.nl\/wp-content\/uploads\/2021\/04\/dotcard-nederland-logo-social-2.png\",\"width\":643,\"height\":338,\"caption\":\"Dotcard Nederland\"},\"image\":{\"@id\":\"https:\/\/dotcard.nl\/#\/schema\/logo\/image\/\"},\"sameAs\":[\"https:\/\/www.instagram.com\/dotcard_nl\/\",\"https:\/\/www.youtube.com\/channel\/UCHu1MykNYiT9xiRZWHAL4Fw\"]}]}<\/script>\n<!-- \/ Yoast SEO plugin. -->","yoast_head_json":{"title":"Het DotCard spel - DotCard Nederland","description":"Bestel gemakkelijk en snel. Gratis verzending en dezelfde dag verzonden. Bestel nu bij de offici\u00eble verkoper in Nederland.","robots":{"index":"index","follow":"follow","max-snippet":"max-snippet:-1","max-image-preview":"max-image-preview:large","max-video-preview":"max-video-preview:-1"},"canonical":"https:\/\/dotcard.nl\/da\/vare\/dotcard\/","og_locale":"da_DK","og_type":"article","og_title":"Het DotCard spel - DotCard Nederland","og_description":"Bestel gemakkelijk en snel. Gratis verzending en dezelfde dag verzonden. Bestel nu bij de offici\u00eble verkoper in Nederland.","og_url":"https:\/\/dotcard.nl\/da\/vare\/dotcard\/","og_site_name":"DotCard Nederland","article_modified_time":"2026-02-07T00:09:45+00:00","og_image":[{"width":643,"height":338,"url":"https:\/\/dotcard.nl\/wp-content\/uploads\/2021\/04\/dotcard-nederland-logo-social-2.png","type":"image\/png"}],"twitter_card":"summary_large_image","twitter_title":"Het DotCard spel - DotCard Nederland","twitter_description":"Bestel gemakkelijk en snel. Gratis verzending en dezelfde dag verzonden. Bestel nu bij de offici\u00eble verkoper in Nederland.","twitter_image":"https:\/\/dotcard.nl\/wp-content\/uploads\/2021\/04\/dotcard-nederland-logo-social-2.png","schema":{"@context":"https:\/\/schema.org","@graph":[{"@type":"WebPage","@id":"https:\/\/dotcard.nl\/product\/dotcard\/","url":"https:\/\/dotcard.nl\/product\/dotcard\/","name":"Het DotCard spel - DotCard Nederland","isPartOf":{"@id":"https:\/\/dotcard.nl\/#website"},"primaryImageOfPage":{"@id":"https:\/\/dotcard.nl\/product\/dotcard\/#primaryimage"},"image":{"@id":"https:\/\/dotcard.nl\/product\/dotcard\/#primaryimage"},"thumbnailUrl":"https:\/\/dotcard.nl\/wp-content\/uploads\/2021\/03\/dotcard-kopen.jpeg","datePublished":"2021-03-31T13:38:38+00:00","dateModified":"2026-02-07T00:09:45+00:00","description":"Bestel gemakkelijk en snel. Gratis verzending en dezelfde dag verzonden. Bestel nu bij de offici\u00eble verkoper in Nederland.","breadcrumb":{"@id":"https:\/\/dotcard.nl\/product\/dotcard\/#breadcrumb"},"inLanguage":"da-DK","potentialAction":[{"@type":"ReadAction","target":["https:\/\/dotcard.nl\/product\/dotcard\/"]}]},{"@type":"ImageObject","inLanguage":"da-DK","@id":"https:\/\/dotcard.nl\/product\/dotcard\/#primaryimage","url":"https:\/\/dotcard.nl\/wp-content\/uploads\/2021\/03\/dotcard-kopen.jpeg","contentUrl":"https:\/\/dotcard.nl\/wp-content\/uploads\/2021\/03\/dotcard-kopen.jpeg","width":2048,"height":1448,"caption":"dotcard-kopen"},{"@type":"BreadcrumbList","@id":"https:\/\/dotcard.nl\/product\/dotcard\/#breadcrumb","itemListElement":[{"@type":"ListItem","position":1,"name":"Home","item":"https:\/\/dotcard.nl\/"},{"@type":"ListItem","position":2,"name":"Shop","item":"https:\/\/dotcard.nl\/shop\/"},{"@type":"ListItem","position":3,"name":"DotCard"}]},{"@type":"WebSite","@id":"https:\/\/dotcard.nl\/#website","url":"https:\/\/dotcard.nl\/","name":"DotCard Holland","description":"Det nye og sjoveste selskabsspil!","publisher":{"@id":"https:\/\/dotcard.nl\/#organization"},"potentialAction":[{"@type":"SearchAction","target":{"@type":"EntryPoint","urlTemplate":"https:\/\/dotcard.nl\/?s={search_term_string}"},"query-input":{"@type":"PropertyValueSpecification","valueRequired":true,"valueName":"search_term_string"}}],"inLanguage":"da-DK"},{"@type":"Organization","@id":"https:\/\/dotcard.nl\/#organization","name":"Dotcard Nederland","url":"https:\/\/dotcard.nl\/","logo":{"@type":"ImageObject","inLanguage":"da-DK","@id":"https:\/\/dotcard.nl\/#\/schema\/logo\/image\/","url":"https:\/\/dotcard.nl\/wp-content\/uploads\/2021\/04\/dotcard-nederland-logo-social-2.png","contentUrl":"https:\/\/dotcard.nl\/wp-content\/uploads\/2021\/04\/dotcard-nederland-logo-social-2.png","width":643,"height":338,"caption":"Dotcard Nederland"},"image":{"@id":"https:\/\/dotcard.nl\/#\/schema\/logo\/image\/"},"sameAs":["https:\/\/www.instagram.com\/dotcard_nl\/","https:\/\/www.youtube.com\/channel\/UCHu1MykNYiT9xiRZWHAL4Fw"]}]}},"_links":{"self":[{"href":"https:\/\/dotcard.nl\/da\/wp-json\/wp\/v2\/product\/298","targetHints":{"allow":["GET"]}}],"collection":[{"href":"https:\/\/dotcard.nl\/da\/wp-json\/wp\/v2\/product"}],"about":[{"href":"https:\/\/dotcard.nl\/da\/wp-json\/wp\/v2\/types\/product"}],"replies":[{"embeddable":true,"href":"https:\/\/dotcard.nl\/da\/wp-json\/wp\/v2\/comments?post=298"}],"wp:featuredmedia":[{"embeddable":true,"href":"https:\/\/dotcard.nl\/da\/wp-json\/wp\/v2\/media\/1286"}],"wp:attachment":[{"href":"https:\/\/dotcard.nl\/da\/wp-json\/wp\/v2\/media?parent=298"}],"wp:term":[{"taxonomy":"product_brand","embeddable":true,"href":"https:\/\/dotcard.nl\/da\/wp-json\/wp\/v2\/product_brand?post=298"},{"taxonomy":"product_cat","embeddable":true,"href":"https:\/\/dotcard.nl\/da\/wp-json\/wp\/v2\/product_cat?post=298"},{"taxonomy":"product_tag","embeddable":true,"href":"https:\/\/dotcard.nl\/da\/wp-json\/wp\/v2\/product_tag?post=298"}],"curies":[{"name":"wp","href":"https:\/\/api.w.org\/{rel}","templated":true}]}}